{"id":12,"date":"2022-03-29T06:38:20","date_gmt":"2022-03-29T04:38:20","guid":{"rendered":"https:\/\/galerie-unique.com\/?page_id=12"},"modified":"2026-01-25T19:57:20","modified_gmt":"2026-01-25T18:57:20","slug":"lesart","status":"publish","type":"page","link":"https:\/\/gudrun-dorsch.com\/de\/lesart\/","title":{"rendered":"Lesart"},"content":{"rendered":"<figure class=\"personal-cover-image wp-block-post-featured-image\"><img loading=\"lazy\" decoding=\"async\" width=\"475\" height=\"380\" src=\"https:\/\/gudrun-dorsch.com\/wp-content\/uploads\/2022\/03\/10-025.jpg\" class=\"attachment-post-thumbnail size-post-thumbnail wp-post-image\" alt=\"\" style=\"object-fit:cover;\" srcset=\"https:\/\/gudrun-dorsch.com\/wp-content\/uploads\/2022\/03\/10-025.jpg 1200w, https:\/\/gudrun-dorsch.com\/wp-content\/uploads\/2022\/03\/10-025-300x240.jpg 300w, https:\/\/gudrun-dorsch.com\/wp-content\/uploads\/2022\/03\/10-025-1024x819.jpg 1024w, https:\/\/gudrun-dorsch.com\/wp-content\/uploads\/2022\/03\/10-025-768x614.jpg 768w\" sizes=\"auto, (max-width: 475px) 100vw, 475px\" \/><\/figure>\n\n\n<div class=\"wp-block-group\"><div class=\"wp-block-group__inner-container is-layout-flow wp-block-group-is-layout-flow\">\n<h1 class=\"wp-block-heading\">Lesart<\/h1>\n\n\n\n<p>Die Werke von Gudrun Dorsch umfassen die Welt der unbewussten, nonverbalen Kommunikation durch Bewegung. Sie bedient sich dabei der Symbolkraft der Spirale, einem Sinnbild f\u00fcr den Anfang und das Ende. Ihre Malereien und Zeichnungen zeigen charismatische Personen, aufgebaut aus B\u00e4ndern. Physische und psychische Grenzen des Menschen, aber auch Eigennamen, \u00dcbersetzungen, \u00dcberlieferungen und Wortspiele inspirieren sie in ihrem Schaffen. Die K\u00fcnstlerin ordnet sich dem enigmatischen Realismus zu, einer Stilrichtung, in der das Offenkundige verh\u00fcllt, verborgen, verschleiert wird und Mysterien als Teil des menschlichen Daseins verstanden werden.<\/p>\n\n\n\n<br>\n\n\n\n<p>Die Spirale als Symbol der Seelenreise, ist in allen Kulturen von gro\u00dfer Bedeutung. F\u00fcr viele Gelehrte, Wissenschaftler, Handwerker sowie bildende und darstellende K\u00fcnstler war und ist sie ein steter Quell der Inspiration. Zahlreiche Ornamente an Bauwerken, mittelalterliche Grab- und Wandplatten und auch die \u00dcberlieferung kultischer T\u00e4nze zeugen von einer Verehrung der Spirale. In der Natur findet man sie in Flora, Fauna und im Mikrokosmos. In der Naturwissenschaft gibt es viele Gesetzm\u00e4\u00dfigkeiten mit Spiralcharakter \u2013 nicht zuletzt ist auch unsere DNA, als Doppelhelix, eine Spirale und ohne DNA g\u00e4be es kein Leben.<\/p>\n\n\n\n<br>\n\n\n\n<p>Wir sind durch unsere DNA mit dem Universum verbunden. Auch in unserer Sprache finden wir zahlreiche W\u00f6rter, die ein Band zum Inhalt haben, z.B. \u201ebinden\u201c, \u201ewinden\u201c oder \u201ewickeln\u201c. Wir \u201everbinden\u201c uns und sind \u201eeingebunden\u201c, wir werden \u201everwundet\u201c und m\u00fcssen etwas \u201everwinden\u201c, wir werden \u201eeingewickelt\u201c, \u201everwickeln\u201c und \u201eentwickeln\u201c uns. Manchmal sind wir auch durch oder von etwas \u201egefesselt\u201c usw. \u2026 Die Vielfalt der Mehrfachdeutungen und M\u00f6glichkeiten der Interpretation sind nahezu grenzenlos.<\/p>\n\n\n\n<br>\n\n\n\n<p>All dies flie\u00dft in die Werke der K\u00fcnstlerin Gudrun Dorsch mit ein. Sie spielt mit den Empfindungen des Betrachters und dessen seelischer Wahrnehmung. Mysteri\u00f6s und undurchschaubar f\u00fchren Ihre Exponate den Betrachter in die eigene R\u00e4tselhaftigkeit. Deshalb versteht die K\u00fcnstlerin ihre Werke nicht als reine Malereien oder gemalte Grafiken, sondern vielmehr als Kommunikatoren der Zwischenmenschlichkeit oder Transmitter zur Selbstreflektion.<br><\/p>\n\n\n\n<br>\n\n\n\n<blockquote class=\"wp-block-quote is-layout-flow wp-block-quote-is-layout-flow\">\n<p>\u201e[&#8230;] Eine Grenze ist das, was der Mensch dazu erkl\u00e4rt, bewusst oder auch unbewusst[&#8230;]. Ohne Grenzen w\u00e4re nichts wahrnehmbar. Sie sind die Voraussetzung jeder menschlichen Erkenntnis [&#8230;]. Jedes menschliche Streben nach Freiheit ist nur denkbar durch das \u00dcberwinden bestehender Grenzen [&#8230;]. Grenzen k\u00f6nnen Menschen sch\u00fctzen oder herausfordern aber auch behindern. Grenzen an sich sind weder gut noch b\u00f6se. [&#8230;] <em>\u201cProfessor Konrad Paul Liessmann, Institut f\u00fcr Philosophie der Universit\u00e4t Wien<\/em><\/p>\n<\/blockquote>\n<\/div><\/div>\n\n\n\n<div class=\"wp-block-group footer_menu has-background\" style=\"background-color:#d9d9d9\"><div class=\"wp-block-group__inner-container is-layout-flow wp-block-group-is-layout-flow\">\n<div class=\"\">\n\t\t<a href=\"https:\/\/www.facebook.com\/dorsch.gudrun\/\" target=\"_blank\" title=\"Visit Gudrun Dorsch on facebook\" rel=\"noopener\"><i class=\"fab fa-facebook-square\"><\/i> <\/a>\n\t\t\t<a href=\"https:\/\/www.instagram.com\/gudrundorschart\/\" target=\"_blank\" title=\"Have a look on Gudrun Dorsch's Instagram profile\" rel=\"noopener\"><i class=\"fab fa-instagram-square\"><\/i> <\/a>\n\t\t<a href=\"https:\/\/twitter.com\/GudrunDorsch\" target=\"_blank\" title=\"Follow Gudrun Dorsch on twitter\" rel=\"noopener\"><i class=\"fab fa-twitter-square\"><\/i> <\/a>\n\t\t<a href=\"https:\/\/www.linkedin.com\/in\/gudrun-dorsch\" target=\"_blank\" title=\"Gudrun Dorsch's linkedin profile\" rel=\"noopener\"><i class=\"fab fa-linkedin-square\"><\/i> <\/a>\n\t<\/div>\n\n\n\n<div class=\"wpml-ls-statics-shortcode_actions wpml-ls wpml-ls-legacy-list-horizontal\">\n\t<ul><li class=\"wpml-ls-slot-shortcode_actions wpml-ls-item wpml-ls-item-en wpml-ls-first-item wpml-ls-last-item wpml-ls-item-legacy-list-horizontal\">\n\t\t\t\t<a href=\"http:\/\/gudrun-dorsch.com\/en\/\" class=\"wpml-ls-link\">\n                                                        <img decoding=\"async\"\n            class=\"wpml-ls-flag\"\n            src=\"https:\/\/gudrun-dorsch.com\/wp-content\/plugins\/sitepress-multilingual-cms\/res\/flags\/en.png\"\n            alt=\"\"\n            width=18\n            height=12\n    \/><span class=\"wpml-ls-native\" lang=\"en\">English<\/span><\/a>\n\t\t\t<\/li><\/ul>\n<\/div>\n\n\n\n\n<p class=\"footer_link\"><a href=\"https:\/\/gudrun-dorsch.com\/de\/kontakt\/\">Kontakt<\/a><\/p>\n\n\n\n<p class=\"footer_link\"><a href=\"https:\/\/gudrun-dorsch.com\/de\/impressum\/\">Impressum<\/a> &amp; <a href=\"https:\/\/gudrun-dorsch.com\/de\/datenschutz\/\">Datenschutz<\/a><\/p>\n<\/div><\/div>\n","protected":false},"excerpt":{"rendered":"<p>Lesart Die Werke von Gudrun Dorsch umfassen die Welt der unbewussten, nonverbalen Kommunikation durch Bewegung. Sie bedient sich dabei der Symbolkraft der Spirale, einem Sinnbild f\u00fcr den Anfang und das Ende. Ihre Malereien und Zeichnungen zeigen charismatische Personen, aufgebaut aus B\u00e4ndern. Physische und psychische Grenzen des Menschen, aber auch Eigennamen, \u00dcbersetzungen, \u00dcberlieferungen und Wortspiele inspirieren [&hellip;]<\/p>\n","protected":false},"author":1,"featured_media":23,"parent":0,"menu_order":0,"comment_status":"closed","ping_status":"closed","template":"","meta":{"_monsterinsights_skip_tracking":false,"_monsterinsights_sitenote_active":false,"_monsterinsights_sitenote_note":"","_monsterinsights_sitenote_category":0,"footnotes":""},"class_list":["post-12","page","type-page","status-publish","has-post-thumbnail","hentry","post","post-with-thumbnail","post-with-thumbnail-large"],"yoast_head":"<!-- This site is optimized with the Yoast SEO plugin v27.3 - https:\/\/yoast.com\/product\/yoast-seo-wordpress\/ -->\n<title>Lesart - Gudrun Dorsch<\/title>\n<meta name=\"robots\" content=\"index, follow, max-snippet:-1, max-image-preview:large, max-video-preview:-1\" \/>\n<link rel=\"canonical\" href=\"https:\/\/gudrun-dorsch.com\/de\/lesart\/\" \/>\n<meta property=\"og:locale\" content=\"de_DE\" \/>\n<meta property=\"og:type\" content=\"article\" \/>\n<meta property=\"og:title\" content=\"Lesart - Gudrun Dorsch\" \/>\n<meta property=\"og:description\" content=\"Lesart Die Werke von Gudrun Dorsch umfassen die Welt der unbewussten, nonverbalen Kommunikation durch Bewegung. Sie bedient sich dabei der Symbolkraft der Spirale, einem Sinnbild f\u00fcr den Anfang und das Ende. Ihre Malereien und Zeichnungen zeigen charismatische Personen, aufgebaut aus B\u00e4ndern. Physische und psychische Grenzen des Menschen, aber auch Eigennamen, \u00dcbersetzungen, \u00dcberlieferungen und Wortspiele inspirieren [&hellip;]\" \/>\n<meta property=\"og:url\" content=\"https:\/\/gudrun-dorsch.com\/de\/lesart\/\" \/>\n<meta property=\"og:site_name\" content=\"Gudrun Dorsch\" \/>\n<meta property=\"article:modified_time\" content=\"2026-01-25T18:57:20+00:00\" \/>\n<meta property=\"og:image\" content=\"http:\/\/gudrun-dorsch.com\/wp-content\/uploads\/2022\/03\/10-025.jpg\" \/>\n\t<meta property=\"og:image:width\" content=\"1200\" \/>\n\t<meta property=\"og:image:height\" content=\"960\" \/>\n\t<meta property=\"og:image:type\" content=\"image\/jpeg\" \/>\n<meta name=\"twitter:card\" content=\"summary_large_image\" \/>\n<meta name=\"twitter:label1\" content=\"Gesch\u00e4tzte Lesezeit\" \/>\n\t<meta name=\"twitter:data1\" content=\"2\u00a0Minuten\" \/>\n<script type=\"application\/ld+json\" class=\"yoast-schema-graph\">{\"@context\":\"https:\\\/\\\/schema.org\",\"@graph\":[{\"@type\":\"WebPage\",\"@id\":\"https:\\\/\\\/gudrun-dorsch.com\\\/de\\\/lesart\\\/\",\"url\":\"https:\\\/\\\/gudrun-dorsch.com\\\/de\\\/lesart\\\/\",\"name\":\"Lesart - Gudrun Dorsch\",\"isPartOf\":{\"@id\":\"https:\\\/\\\/gudrun-dorsch.com\\\/de\\\/#website\"},\"primaryImageOfPage\":{\"@id\":\"https:\\\/\\\/gudrun-dorsch.com\\\/de\\\/lesart\\\/#primaryimage\"},\"image\":{\"@id\":\"https:\\\/\\\/gudrun-dorsch.com\\\/de\\\/lesart\\\/#primaryimage\"},\"thumbnailUrl\":\"https:\\\/\\\/gudrun-dorsch.com\\\/wp-content\\\/uploads\\\/2022\\\/03\\\/10-025.jpg\",\"datePublished\":\"2022-03-29T04:38:20+00:00\",\"dateModified\":\"2026-01-25T18:57:20+00:00\",\"breadcrumb\":{\"@id\":\"https:\\\/\\\/gudrun-dorsch.com\\\/de\\\/lesart\\\/#breadcrumb\"},\"inLanguage\":\"de\",\"potentialAction\":[{\"@type\":\"ReadAction\",\"target\":[\"https:\\\/\\\/gudrun-dorsch.com\\\/de\\\/lesart\\\/\"]}]},{\"@type\":\"ImageObject\",\"inLanguage\":\"de\",\"@id\":\"https:\\\/\\\/gudrun-dorsch.com\\\/de\\\/lesart\\\/#primaryimage\",\"url\":\"https:\\\/\\\/gudrun-dorsch.com\\\/wp-content\\\/uploads\\\/2022\\\/03\\\/10-025.jpg\",\"contentUrl\":\"https:\\\/\\\/gudrun-dorsch.com\\\/wp-content\\\/uploads\\\/2022\\\/03\\\/10-025.jpg\",\"width\":1200,\"height\":960},{\"@type\":\"BreadcrumbList\",\"@id\":\"https:\\\/\\\/gudrun-dorsch.com\\\/de\\\/lesart\\\/#breadcrumb\",\"itemListElement\":[{\"@type\":\"ListItem\",\"position\":1,\"name\":\"Startseite\",\"item\":\"https:\\\/\\\/gudrun-dorsch.com\\\/de\\\/\"},{\"@type\":\"ListItem\",\"position\":2,\"name\":\"Lesart\"}]},{\"@type\":\"WebSite\",\"@id\":\"https:\\\/\\\/gudrun-dorsch.com\\\/de\\\/#website\",\"url\":\"https:\\\/\\\/gudrun-dorsch.com\\\/de\\\/\",\"name\":\"Gudrun Dorsch\",\"description\":\"Enigmatic Realism\",\"publisher\":{\"@id\":\"https:\\\/\\\/gudrun-dorsch.com\\\/de\\\/#organization\"},\"potentialAction\":[{\"@type\":\"SearchAction\",\"target\":{\"@type\":\"EntryPoint\",\"urlTemplate\":\"https:\\\/\\\/gudrun-dorsch.com\\\/de\\\/?s={search_term_string}\"},\"query-input\":{\"@type\":\"PropertyValueSpecification\",\"valueRequired\":true,\"valueName\":\"search_term_string\"}}],\"inLanguage\":\"de\"},{\"@type\":\"Organization\",\"@id\":\"https:\\\/\\\/gudrun-dorsch.com\\\/de\\\/#organization\",\"name\":\"Gudrun Dorsch\",\"url\":\"https:\\\/\\\/gudrun-dorsch.com\\\/de\\\/\",\"logo\":{\"@type\":\"ImageObject\",\"inLanguage\":\"de\",\"@id\":\"https:\\\/\\\/gudrun-dorsch.com\\\/de\\\/#\\\/schema\\\/logo\\\/image\\\/\",\"url\":\"https:\\\/\\\/gudrun-dorsch.com\\\/wp-content\\\/uploads\\\/2022\\\/03\\\/cropped-Logo.png\",\"contentUrl\":\"https:\\\/\\\/gudrun-dorsch.com\\\/wp-content\\\/uploads\\\/2022\\\/03\\\/cropped-Logo.png\",\"width\":2042,\"height\":1663,\"caption\":\"Gudrun Dorsch\"},\"image\":{\"@id\":\"https:\\\/\\\/gudrun-dorsch.com\\\/de\\\/#\\\/schema\\\/logo\\\/image\\\/\"}}]}<\/script>\n<!-- \/ Yoast SEO plugin. -->","yoast_head_json":{"title":"Lesart - Gudrun Dorsch","robots":{"index":"index","follow":"follow","max-snippet":"max-snippet:-1","max-image-preview":"max-image-preview:large","max-video-preview":"max-video-preview:-1"},"canonical":"https:\/\/gudrun-dorsch.com\/de\/lesart\/","og_locale":"de_DE","og_type":"article","og_title":"Lesart - Gudrun Dorsch","og_description":"Lesart Die Werke von Gudrun Dorsch umfassen die Welt der unbewussten, nonverbalen Kommunikation durch Bewegung. Sie bedient sich dabei der Symbolkraft der Spirale, einem Sinnbild f\u00fcr den Anfang und das Ende. Ihre Malereien und Zeichnungen zeigen charismatische Personen, aufgebaut aus B\u00e4ndern. Physische und psychische Grenzen des Menschen, aber auch Eigennamen, \u00dcbersetzungen, \u00dcberlieferungen und Wortspiele inspirieren [&hellip;]","og_url":"https:\/\/gudrun-dorsch.com\/de\/lesart\/","og_site_name":"Gudrun Dorsch","article_modified_time":"2026-01-25T18:57:20+00:00","og_image":[{"width":1200,"height":960,"url":"http:\/\/gudrun-dorsch.com\/wp-content\/uploads\/2022\/03\/10-025.jpg","type":"image\/jpeg"}],"twitter_card":"summary_large_image","twitter_misc":{"Gesch\u00e4tzte Lesezeit":"2\u00a0Minuten"},"schema":{"@context":"https:\/\/schema.org","@graph":[{"@type":"WebPage","@id":"https:\/\/gudrun-dorsch.com\/de\/lesart\/","url":"https:\/\/gudrun-dorsch.com\/de\/lesart\/","name":"Lesart - Gudrun Dorsch","isPartOf":{"@id":"https:\/\/gudrun-dorsch.com\/de\/#website"},"primaryImageOfPage":{"@id":"https:\/\/gudrun-dorsch.com\/de\/lesart\/#primaryimage"},"image":{"@id":"https:\/\/gudrun-dorsch.com\/de\/lesart\/#primaryimage"},"thumbnailUrl":"https:\/\/gudrun-dorsch.com\/wp-content\/uploads\/2022\/03\/10-025.jpg","datePublished":"2022-03-29T04:38:20+00:00","dateModified":"2026-01-25T18:57:20+00:00","breadcrumb":{"@id":"https:\/\/gudrun-dorsch.com\/de\/lesart\/#breadcrumb"},"inLanguage":"de","potentialAction":[{"@type":"ReadAction","target":["https:\/\/gudrun-dorsch.com\/de\/lesart\/"]}]},{"@type":"ImageObject","inLanguage":"de","@id":"https:\/\/gudrun-dorsch.com\/de\/lesart\/#primaryimage","url":"https:\/\/gudrun-dorsch.com\/wp-content\/uploads\/2022\/03\/10-025.jpg","contentUrl":"https:\/\/gudrun-dorsch.com\/wp-content\/uploads\/2022\/03\/10-025.jpg","width":1200,"height":960},{"@type":"BreadcrumbList","@id":"https:\/\/gudrun-dorsch.com\/de\/lesart\/#breadcrumb","itemListElement":[{"@type":"ListItem","position":1,"name":"Startseite","item":"https:\/\/gudrun-dorsch.com\/de\/"},{"@type":"ListItem","position":2,"name":"Lesart"}]},{"@type":"WebSite","@id":"https:\/\/gudrun-dorsch.com\/de\/#website","url":"https:\/\/gudrun-dorsch.com\/de\/","name":"Gudrun Dorsch","description":"Enigmatic Realism","publisher":{"@id":"https:\/\/gudrun-dorsch.com\/de\/#organization"},"potentialAction":[{"@type":"SearchAction","target":{"@type":"EntryPoint","urlTemplate":"https:\/\/gudrun-dorsch.com\/de\/?s={search_term_string}"},"query-input":{"@type":"PropertyValueSpecification","valueRequired":true,"valueName":"search_term_string"}}],"inLanguage":"de"},{"@type":"Organization","@id":"https:\/\/gudrun-dorsch.com\/de\/#organization","name":"Gudrun Dorsch","url":"https:\/\/gudrun-dorsch.com\/de\/","logo":{"@type":"ImageObject","inLanguage":"de","@id":"https:\/\/gudrun-dorsch.com\/de\/#\/schema\/logo\/image\/","url":"https:\/\/gudrun-dorsch.com\/wp-content\/uploads\/2022\/03\/cropped-Logo.png","contentUrl":"https:\/\/gudrun-dorsch.com\/wp-content\/uploads\/2022\/03\/cropped-Logo.png","width":2042,"height":1663,"caption":"Gudrun Dorsch"},"image":{"@id":"https:\/\/gudrun-dorsch.com\/de\/#\/schema\/logo\/image\/"}}]}},"_links":{"self":[{"href":"https:\/\/gudrun-dorsch.com\/de\/wp-json\/wp\/v2\/pages\/12","targetHints":{"allow":["GET"]}}],"collection":[{"href":"https:\/\/gudrun-dorsch.com\/de\/wp-json\/wp\/v2\/pages"}],"about":[{"href":"https:\/\/gudrun-dorsch.com\/de\/wp-json\/wp\/v2\/types\/page"}],"author":[{"embeddable":true,"href":"https:\/\/gudrun-dorsch.com\/de\/wp-json\/wp\/v2\/users\/1"}],"replies":[{"embeddable":true,"href":"https:\/\/gudrun-dorsch.com\/de\/wp-json\/wp\/v2\/comments?post=12"}],"version-history":[{"count":15,"href":"https:\/\/gudrun-dorsch.com\/de\/wp-json\/wp\/v2\/pages\/12\/revisions"}],"predecessor-version":[{"id":3809,"href":"https:\/\/gudrun-dorsch.com\/de\/wp-json\/wp\/v2\/pages\/12\/revisions\/3809"}],"wp:featuredmedia":[{"embeddable":true,"href":"https:\/\/gudrun-dorsch.com\/de\/wp-json\/wp\/v2\/media\/23"}],"wp:attachment":[{"href":"https:\/\/gudrun-dorsch.com\/de\/wp-json\/wp\/v2\/media?parent=12"}],"curies":[{"name":"wp","href":"https:\/\/api.w.org\/{rel}","templated":true}]}}