{"id":290,"date":"2022-08-11T11:44:03","date_gmt":"2022-08-11T09:44:03","guid":{"rendered":"https:\/\/galerie-unique.com\/?page_id=290"},"modified":"2026-02-17T10:52:12","modified_gmt":"2026-02-17T09:52:12","slug":"homepage","status":"publish","type":"page","link":"https:\/\/gudrun-dorsch.com\/de\/","title":{"rendered":"Home"},"content":{"rendered":"\n<div class=\"wp-block-cover alignfull is-light has-parallax\" style=\"min-height:500px;aspect-ratio:unset;\"><div class=\"wp-block-cover__image-background wp-image-1851 has-parallax\" style=\"background-position:50% 50%;background-image:url(https:\/\/gudrun-dorsch.com\/wp-content\/uploads\/2023\/05\/10-025-gluehend-VERKAUFT_web-1.png)\"><\/div><span aria-hidden=\"true\" class=\"wp-block-cover__background has-background-dim-0 has-background-dim\"><\/span><div class=\"wp-block-cover__inner-container is-layout-flow wp-block-cover-is-layout-flow\">\n<p class=\"has-text-align-center has-large-font-size\"><\/p>\n<\/div><\/div>\n\n\n\n<div class=\"wp-block-group alignfull has-background\" style=\"background-color:#f2f2f2\"><div class=\"wp-block-group__inner-container is-layout-flow wp-block-group-is-layout-flow\">\n<h2 class=\"wp-block-heading\">Enigmatischer Realismus<\/h2>\n\n\n\n<p>Die Werke von Gudrun Dorsch umfassen die Welt der unbewussten, nonverbalen Kommunikation durch Bewegung. Sie bedient sich dabei der Symbolkraft der Spirale, einem Sinnbild f\u00fcr den Anfang und das Ende. Ihre Malereien und Zeichnungen zeigen charismatische Personen, aufgebaut aus B\u00e4ndern. Physische und psychische Grenzen des Menschen, aber auch Eigennamen, \u00dcbersetzungen, \u00dcberlieferungen und Wortspiele inspirieren sie in ihrem Schaffen. Die K\u00fcnstlerin ordnet sich dem enigmatischen Realismus zu, einer Stilrichtung, in der das Offenkundige verh\u00fcllt, verborgen, verschleiert wird und Mysterien als Teil des menschlichen Daseins verstanden werden. Mysteri\u00f6s und undurchschaubar f\u00fchren Ihre Exponate den Betrachter in die eigene R\u00e4tselhaftigkeit. Deshalb versteht die K\u00fcnstlerin ihre Werke nicht als reine Malereien oder gemalte Grafiken, sondern vielmehr als Kommunikatoren der Zwischenmenschlichkeit oder Transmitter zur Selbstreflektion.<\/p>\n\n\n\n<p class=\"has-text-align-right\"><a href=\"https:\/\/gudrun-dorsch.com\/de\/lesart\/\">Weitere Informationen<\/a><\/p>\n<\/div><\/div>\n\n\n\n<div class=\"wp-block-group alignfull has-white-background-color has-background\"><div class=\"wp-block-group__inner-container is-layout-flow wp-block-group-is-layout-flow\"><p class=\"fonts-plugin-block \"><strong>Galerievertretung: <\/strong>\u00a0<br>&#8211;  Galerie M- Beck, <a href=\"http:\/\/www.comebeck.com\/\" target=\"_blank\" rel=\"noreferrer noopener\">comebeck ltd. <\/a><br>&#8211; CRELALA- Online Galerie, <a href=\"https:\/\/crelala.de\/index.html\" target=\"_blank\" rel=\"noreferrer noopener\">CRELALA- Kunst<\/a><br>&#8211; Woman in Art &#8211; F\u00fcrstenweg Doha Foundation, F\u00fcrstenweg GmbH, <br><a href=\"https:\/\/www.unique-fine-art.com\/world-of-art-and-women-in-art\">https:\/\/www.unique-fine-art.com\/world-of-art-and-women-in-art<\/a><br><br><strong>Auktionen:<\/strong>\u00a0\u00a0 <br>Auktionshaus Michael Zeller, <a href=\"https:\/\/zeller.de\/\">https:\/\/zeller.de\/<\/a><br><br><strong>Internationale Datenbanken: <\/strong><br>&#8211; Artnet, <a href=\"https:\/\/www.artnet.de\/k%C3%BCnstler\/gudrun-dorsch\/\">https:\/\/www.artnet.de<\/a><br>&#8211; Artprice, <a href=\"https:\/\/de.artprice.com\/artist\/1342413\/gudrun-dorsch\">https:\/\/de.artprice.com\/artist\/1342413\/gudrun-dorsch<\/a><br><br><strong>Sammlung:<\/strong> <br>Galerie M. Beck<br><br><br><br><\/p><\/div><\/div>\n\n\n\n<div class=\"wp-block-group alignfull has-background\" style=\"background-color:#f2f2f2\"><div class=\"wp-block-group__inner-container is-layout-flow wp-block-group-is-layout-flow\">\n<div class=\"wp-block-group is-vertical is-layout-flex wp-container-core-group-is-layout-8cf370e7 wp-block-group-is-layout-flex\">\n<div class=\"wp-block-group is-nowrap is-layout-flex wp-container-core-group-is-layout-ad2f72ca wp-block-group-is-layout-flex\">\n<h2 class=\"wp-block-heading\">Kreativ-Events, Workshops und Kurse (siehe Rubrik &#8222;Unterricht&#8220;)<\/h2>\n\n\n<i class=\"fa-solid fa-eye\"><\/i>\n<\/div>\n\n\n<p class=\"fonts-plugin-block \"><strong>&#8222;FIND YOUR ART BUDDY&#8220; &#8211; Workshops &amp; <strong>Kreativ<\/strong>-Events<\/strong><br>&#8211; Gesellige Stunden, privat oder als Firmenevent mit Verk\u00f6stigung und viel Spa\u00df.<br>&#8211; Workshops zu interessanten Themengebieten auch kunsthandwerklich.<br>Lassen Sie sich \u00fcberraschen! <br><br><strong>Kurse<\/strong> <br>&#8211; Zeichnen lernen. Sehen lernen<br>&#8211; klassische Acrylmalerei <br>-u.v.m.<br><br><strong>Entspannung<\/strong><br>&#8211; Stress abbauen mit Farbe und meditativen Techniken.<br><br><strong>Experimentieren<\/strong> <br>&#8211; Malen ohne klassischen Malmaterialien<br><\/p>\n\n\n<br>\n\n\n\n<div class=\"wp-block-group is-nowrap is-layout-flex wp-container-core-group-is-layout-ad2f72ca wp-block-group-is-layout-flex\">\n<h2 class=\"wp-block-heading\">Offenes Atelier<\/h2>\n\n\n<i class=\"fa-solid fa-paintbrush\"><\/i>\n<\/div>\n\n\n\n<p>Sie haben schon immer gerne gemalt aber keine M\u00f6glichkeit weil ein geeigneter Raum oder auch alle Materialien fehlen? Dann kommen Sie ins &#8222;Offene Atelier&#8220;, es steht dort alles f\u00fcr Sie bereit. Flexibel buchbar- schon ab zwei Personen.<\/p>\n<\/div>\n\n\n\n<p class=\"has-text-align-right\"><a href=\"https:\/\/gudrun-dorsch.com\/de\/unterricht\/\">Weitere Informationen<\/a><\/p>\n<\/div><\/div>\n\n\n\n<div class=\"wp-block-group alignfull has-white-background-color has-background\"><div class=\"wp-block-group__inner-container is-layout-flow wp-block-group-is-layout-flow\">\n<h2 class=\"wp-block-heading\">Erhalte aktuelle Informationen:<\/h2>\n\n\n\n<script>(function() {\n\twindow.mc4wp = window.mc4wp || {\n\t\tlisteners: [],\n\t\tforms: {\n\t\t\ton: function(evt, cb) {\n\t\t\t\twindow.mc4wp.listeners.push(\n\t\t\t\t\t{\n\t\t\t\t\t\tevent   : evt,\n\t\t\t\t\t\tcallback: cb\n\t\t\t\t\t}\n\t\t\t\t);\n\t\t\t}\n\t\t}\n\t}\n})();\n<\/script><!-- Mailchimp for WordPress v4.12.1 - https:\/\/wordpress.org\/plugins\/mailchimp-for-wp\/ --><form id=\"mc4wp-form-1\" class=\"mc4wp-form mc4wp-form-132\" method=\"post\" data-id=\"132\" data-name=\"Newsletter Signup\" ><div class=\"mc4wp-form-fields\"><p>\r\n\t\t<input type=\"email\" name=\"EMAIL\" placeholder=\"Deine E-Mail Adresse\" required \/>\r\n<\/p>\r\n\r\n<p>\r\n    <label>Interessen:<\/label><br>\r\n    <label>\r\n        <span> <input name=\"INTERESTS[73595ee8f9][]\" type=\"checkbox\" value=\"7cbd77c9b1\"\r\n        checked=\"true\"> Kommende und vergangene Ausstellungen \u2022<\/span>\r\n    <\/label>\r\n    <label>\r\n        <span> <input name=\"INTERESTS[73595ee8f9][]\" type=\"checkbox\" value=\"b2f3bac8de\"\r\n        checked=\"true\"> Neue Bilder und Zeichnungen \u2022<\/span>\r\n    <\/label> \r\n    <label>\r\n        <span> <input name=\"INTERESTS[73595ee8f9][]\" type=\"checkbox\" value=\"1782d29508\"\r\n        checked=\"true\"> Kursangebot und offenes Atelier \u2022<\/span>\r\n    <\/label> \r\n    <label>\r\n        <span> <input name=\"INTERESTS[73595ee8f9][]\" type=\"checkbox\" value=\"e741c0be6f\"\r\n        checked=\"true\"> Aktueller Wochenplan <\/span>\r\n    <\/label>\r\n<\/p>\r\n\r\n<p>\r\n\t<input type=\"submit\" value=\"Registrieren\" \/>\r\n<\/p><\/div><label style=\"display: none !important;\">Wenn du ein Mensch bist, lasse das Feld leer: <input type=\"text\" name=\"_mc4wp_honeypot\" value=\"\" tabindex=\"-1\" autocomplete=\"off\" \/><\/label><input type=\"hidden\" name=\"_mc4wp_timestamp\" value=\"1775594459\" \/><input type=\"hidden\" name=\"_mc4wp_form_id\" value=\"132\" \/><input type=\"hidden\" name=\"_mc4wp_form_element_id\" value=\"mc4wp-form-1\" \/><div class=\"mc4wp-response\"><\/div><\/form><!-- \/ Mailchimp for WordPress Plugin -->\n<\/div><\/div>\n\n\n\n<div class=\"wp-block-group footer_menu has-background\" style=\"background-color:#d9d9d9\"><div class=\"wp-block-group__inner-container is-layout-flow wp-block-group-is-layout-flow\">\n<div class=\"\">\n\t\t<a href=\"https:\/\/www.facebook.com\/dorsch.gudrun\/\" target=\"_blank\" title=\"Visit Gudrun Dorsch on facebook\" rel=\"noopener\"><i class=\"fab fa-facebook-square\"><\/i> <\/a>\n\t\t\t<a href=\"https:\/\/www.instagram.com\/gudrundorschart\/\" target=\"_blank\" title=\"Have a look on Gudrun Dorsch's Instagram profile\" rel=\"noopener\"><i class=\"fab fa-instagram-square\"><\/i> <\/a>\n\t\t<a href=\"https:\/\/twitter.com\/GudrunDorsch\" target=\"_blank\" title=\"Follow Gudrun Dorsch on twitter\" rel=\"noopener\"><i class=\"fab fa-twitter-square\"><\/i> <\/a>\n\t\t<a href=\"https:\/\/www.linkedin.com\/in\/gudrun-dorsch\" target=\"_blank\" title=\"Gudrun Dorsch's linkedin profile\" rel=\"noopener\"><i class=\"fab fa-linkedin-square\"><\/i> <\/a>\n\t<\/div>\n\n\n\n<div class=\"wpml-ls-statics-shortcode_actions wpml-ls wpml-ls-legacy-list-horizontal\">\n\t<ul role=\"menu\"><li class=\"wpml-ls-slot-shortcode_actions wpml-ls-item wpml-ls-item-en wpml-ls-first-item wpml-ls-last-item wpml-ls-item-legacy-list-horizontal\" role=\"none\">\n\t\t\t\t<a href=\"http:\/\/gudrun-dorsch.com\/en\/\" class=\"wpml-ls-link\" role=\"menuitem\"  aria-label=\"Zu English wechseln\" title=\"Zu English wechseln\" >\n                                                        <img decoding=\"async\"\n            class=\"wpml-ls-flag\"\n            src=\"https:\/\/gudrun-dorsch.com\/wp-content\/plugins\/sitepress-multilingual-cms\/res\/flags\/en.png\"\n            alt=\"\"\n            width=18\n            height=12\n    \/><span class=\"wpml-ls-native\" lang=\"en\">English<\/span><\/a>\n\t\t\t<\/li><\/ul>\n<\/div>\n\n\n\n\n<p class=\"footer_link\"><a href=\"https:\/\/gudrun-dorsch.com\/de\/kontakt\/\">Kontakt<\/a><\/p>\n\n\n\n<p class=\"footer_link\"><a href=\"https:\/\/gudrun-dorsch.com\/de\/impressum\/\">Impressum<\/a> &amp; <a href=\"https:\/\/gudrun-dorsch.com\/de\/datenschutz\/\">Datenschutz<\/a><\/p>\n<\/div><\/div>\n","protected":false},"excerpt":{"rendered":"<p>Enigmatischer Realismus Die Werke von Gudrun Dorsch umfassen die Welt der unbewussten, nonverbalen Kommunikation durch Bewegung. Sie bedient sich dabei der Symbolkraft der Spirale, einem Sinnbild f\u00fcr den Anfang und das Ende. Ihre Malereien und Zeichnungen zeigen charismatische Personen, aufgebaut aus B\u00e4ndern. Physische und psychische Grenzen des Menschen, aber auch Eigennamen, \u00dcbersetzungen, \u00dcberlieferungen und Wortspiele [&hellip;]<\/p>\n","protected":false},"author":1,"featured_media":23,"parent":0,"menu_order":0,"comment_status":"closed","ping_status":"closed","template":"","meta":{"_monsterinsights_skip_tracking":false,"_monsterinsights_sitenote_active":false,"_monsterinsights_sitenote_note":"","_monsterinsights_sitenote_category":0,"footnotes":""},"class_list":["post-290","page","type-page","status-publish","has-post-thumbnail","hentry","post","post-with-thumbnail","post-with-thumbnail-large"],"yoast_head":"<!-- This site is optimized with the Yoast SEO plugin v27.3 - https:\/\/yoast.com\/product\/yoast-seo-wordpress\/ -->\n<title>Home - Gudrun Dorsch<\/title>\n<meta name=\"robots\" content=\"index, follow, max-snippet:-1, max-image-preview:large, max-video-preview:-1\" \/>\n<link rel=\"canonical\" href=\"https:\/\/gudrun-dorsch.com\/de\/\" \/>\n<meta property=\"og:locale\" content=\"de_DE\" \/>\n<meta property=\"og:type\" content=\"article\" \/>\n<meta property=\"og:title\" content=\"Home - Gudrun Dorsch\" \/>\n<meta property=\"og:description\" content=\"Enigmatischer Realismus Die Werke von Gudrun Dorsch umfassen die Welt der unbewussten, nonverbalen Kommunikation durch Bewegung. Sie bedient sich dabei der Symbolkraft der Spirale, einem Sinnbild f\u00fcr den Anfang und das Ende. Ihre Malereien und Zeichnungen zeigen charismatische Personen, aufgebaut aus B\u00e4ndern. Physische und psychische Grenzen des Menschen, aber auch Eigennamen, \u00dcbersetzungen, \u00dcberlieferungen und Wortspiele [&hellip;]\" \/>\n<meta property=\"og:url\" content=\"https:\/\/gudrun-dorsch.com\/de\/\" \/>\n<meta property=\"og:site_name\" content=\"Gudrun Dorsch\" \/>\n<meta property=\"article:modified_time\" content=\"2026-02-17T09:52:12+00:00\" \/>\n<meta property=\"og:image\" content=\"http:\/\/gudrun-dorsch.com\/wp-content\/uploads\/2022\/03\/10-025.jpg\" \/>\n\t<meta property=\"og:image:width\" content=\"1200\" \/>\n\t<meta property=\"og:image:height\" content=\"960\" \/>\n\t<meta property=\"og:image:type\" content=\"image\/jpeg\" \/>\n<meta name=\"twitter:card\" content=\"summary_large_image\" \/>\n<meta name=\"twitter:label1\" content=\"Gesch\u00e4tzte Lesezeit\" \/>\n\t<meta name=\"twitter:data1\" content=\"2\u00a0Minuten\" \/>\n<script type=\"application\/ld+json\" class=\"yoast-schema-graph\">{\"@context\":\"https:\\\/\\\/schema.org\",\"@graph\":[{\"@type\":\"WebPage\",\"@id\":\"https:\\\/\\\/gudrun-dorsch.com\\\/de\\\/\",\"url\":\"https:\\\/\\\/gudrun-dorsch.com\\\/de\\\/\",\"name\":\"Home - Gudrun Dorsch\",\"isPartOf\":{\"@id\":\"https:\\\/\\\/gudrun-dorsch.com\\\/de\\\/#website\"},\"primaryImageOfPage\":{\"@id\":\"https:\\\/\\\/gudrun-dorsch.com\\\/de\\\/#primaryimage\"},\"image\":{\"@id\":\"https:\\\/\\\/gudrun-dorsch.com\\\/de\\\/#primaryimage\"},\"thumbnailUrl\":\"https:\\\/\\\/gudrun-dorsch.com\\\/wp-content\\\/uploads\\\/2022\\\/03\\\/10-025.jpg\",\"datePublished\":\"2022-08-11T09:44:03+00:00\",\"dateModified\":\"2026-02-17T09:52:12+00:00\",\"breadcrumb\":{\"@id\":\"https:\\\/\\\/gudrun-dorsch.com\\\/de\\\/#breadcrumb\"},\"inLanguage\":\"de\",\"potentialAction\":[{\"@type\":\"ReadAction\",\"target\":[\"https:\\\/\\\/gudrun-dorsch.com\\\/de\\\/\"]}]},{\"@type\":\"ImageObject\",\"inLanguage\":\"de\",\"@id\":\"https:\\\/\\\/gudrun-dorsch.com\\\/de\\\/#primaryimage\",\"url\":\"https:\\\/\\\/gudrun-dorsch.com\\\/wp-content\\\/uploads\\\/2022\\\/03\\\/10-025.jpg\",\"contentUrl\":\"https:\\\/\\\/gudrun-dorsch.com\\\/wp-content\\\/uploads\\\/2022\\\/03\\\/10-025.jpg\",\"width\":1200,\"height\":960},{\"@type\":\"BreadcrumbList\",\"@id\":\"https:\\\/\\\/gudrun-dorsch.com\\\/de\\\/#breadcrumb\",\"itemListElement\":[{\"@type\":\"ListItem\",\"position\":1,\"name\":\"Startseite\",\"item\":\"https:\\\/\\\/gudrun-dorsch.com\\\/de\\\/\"},{\"@type\":\"ListItem\",\"position\":2,\"name\":\"Home\"}]},{\"@type\":\"WebSite\",\"@id\":\"https:\\\/\\\/gudrun-dorsch.com\\\/de\\\/#website\",\"url\":\"https:\\\/\\\/gudrun-dorsch.com\\\/de\\\/\",\"name\":\"Gudrun Dorsch\",\"description\":\"Enigmatic Realism\",\"publisher\":{\"@id\":\"https:\\\/\\\/gudrun-dorsch.com\\\/de\\\/#organization\"},\"potentialAction\":[{\"@type\":\"SearchAction\",\"target\":{\"@type\":\"EntryPoint\",\"urlTemplate\":\"https:\\\/\\\/gudrun-dorsch.com\\\/de\\\/?s={search_term_string}\"},\"query-input\":{\"@type\":\"PropertyValueSpecification\",\"valueRequired\":true,\"valueName\":\"search_term_string\"}}],\"inLanguage\":\"de\"},{\"@type\":\"Organization\",\"@id\":\"https:\\\/\\\/gudrun-dorsch.com\\\/de\\\/#organization\",\"name\":\"Gudrun Dorsch\",\"url\":\"https:\\\/\\\/gudrun-dorsch.com\\\/de\\\/\",\"logo\":{\"@type\":\"ImageObject\",\"inLanguage\":\"de\",\"@id\":\"https:\\\/\\\/gudrun-dorsch.com\\\/de\\\/#\\\/schema\\\/logo\\\/image\\\/\",\"url\":\"https:\\\/\\\/gudrun-dorsch.com\\\/wp-content\\\/uploads\\\/2022\\\/03\\\/cropped-Logo.png\",\"contentUrl\":\"https:\\\/\\\/gudrun-dorsch.com\\\/wp-content\\\/uploads\\\/2022\\\/03\\\/cropped-Logo.png\",\"width\":2042,\"height\":1663,\"caption\":\"Gudrun Dorsch\"},\"image\":{\"@id\":\"https:\\\/\\\/gudrun-dorsch.com\\\/de\\\/#\\\/schema\\\/logo\\\/image\\\/\"}}]}<\/script>\n<!-- \/ Yoast SEO plugin. -->","yoast_head_json":{"title":"Home - Gudrun Dorsch","robots":{"index":"index","follow":"follow","max-snippet":"max-snippet:-1","max-image-preview":"max-image-preview:large","max-video-preview":"max-video-preview:-1"},"canonical":"https:\/\/gudrun-dorsch.com\/de\/","og_locale":"de_DE","og_type":"article","og_title":"Home - Gudrun Dorsch","og_description":"Enigmatischer Realismus Die Werke von Gudrun Dorsch umfassen die Welt der unbewussten, nonverbalen Kommunikation durch Bewegung. Sie bedient sich dabei der Symbolkraft der Spirale, einem Sinnbild f\u00fcr den Anfang und das Ende. Ihre Malereien und Zeichnungen zeigen charismatische Personen, aufgebaut aus B\u00e4ndern. Physische und psychische Grenzen des Menschen, aber auch Eigennamen, \u00dcbersetzungen, \u00dcberlieferungen und Wortspiele [&hellip;]","og_url":"https:\/\/gudrun-dorsch.com\/de\/","og_site_name":"Gudrun Dorsch","article_modified_time":"2026-02-17T09:52:12+00:00","og_image":[{"width":1200,"height":960,"url":"http:\/\/gudrun-dorsch.com\/wp-content\/uploads\/2022\/03\/10-025.jpg","type":"image\/jpeg"}],"twitter_card":"summary_large_image","twitter_misc":{"Gesch\u00e4tzte Lesezeit":"2\u00a0Minuten"},"schema":{"@context":"https:\/\/schema.org","@graph":[{"@type":"WebPage","@id":"https:\/\/gudrun-dorsch.com\/de\/","url":"https:\/\/gudrun-dorsch.com\/de\/","name":"Home - Gudrun Dorsch","isPartOf":{"@id":"https:\/\/gudrun-dorsch.com\/de\/#website"},"primaryImageOfPage":{"@id":"https:\/\/gudrun-dorsch.com\/de\/#primaryimage"},"image":{"@id":"https:\/\/gudrun-dorsch.com\/de\/#primaryimage"},"thumbnailUrl":"https:\/\/gudrun-dorsch.com\/wp-content\/uploads\/2022\/03\/10-025.jpg","datePublished":"2022-08-11T09:44:03+00:00","dateModified":"2026-02-17T09:52:12+00:00","breadcrumb":{"@id":"https:\/\/gudrun-dorsch.com\/de\/#breadcrumb"},"inLanguage":"de","potentialAction":[{"@type":"ReadAction","target":["https:\/\/gudrun-dorsch.com\/de\/"]}]},{"@type":"ImageObject","inLanguage":"de","@id":"https:\/\/gudrun-dorsch.com\/de\/#primaryimage","url":"https:\/\/gudrun-dorsch.com\/wp-content\/uploads\/2022\/03\/10-025.jpg","contentUrl":"https:\/\/gudrun-dorsch.com\/wp-content\/uploads\/2022\/03\/10-025.jpg","width":1200,"height":960},{"@type":"BreadcrumbList","@id":"https:\/\/gudrun-dorsch.com\/de\/#breadcrumb","itemListElement":[{"@type":"ListItem","position":1,"name":"Startseite","item":"https:\/\/gudrun-dorsch.com\/de\/"},{"@type":"ListItem","position":2,"name":"Home"}]},{"@type":"WebSite","@id":"https:\/\/gudrun-dorsch.com\/de\/#website","url":"https:\/\/gudrun-dorsch.com\/de\/","name":"Gudrun Dorsch","description":"Enigmatic Realism","publisher":{"@id":"https:\/\/gudrun-dorsch.com\/de\/#organization"},"potentialAction":[{"@type":"SearchAction","target":{"@type":"EntryPoint","urlTemplate":"https:\/\/gudrun-dorsch.com\/de\/?s={search_term_string}"},"query-input":{"@type":"PropertyValueSpecification","valueRequired":true,"valueName":"search_term_string"}}],"inLanguage":"de"},{"@type":"Organization","@id":"https:\/\/gudrun-dorsch.com\/de\/#organization","name":"Gudrun Dorsch","url":"https:\/\/gudrun-dorsch.com\/de\/","logo":{"@type":"ImageObject","inLanguage":"de","@id":"https:\/\/gudrun-dorsch.com\/de\/#\/schema\/logo\/image\/","url":"https:\/\/gudrun-dorsch.com\/wp-content\/uploads\/2022\/03\/cropped-Logo.png","contentUrl":"https:\/\/gudrun-dorsch.com\/wp-content\/uploads\/2022\/03\/cropped-Logo.png","width":2042,"height":1663,"caption":"Gudrun Dorsch"},"image":{"@id":"https:\/\/gudrun-dorsch.com\/de\/#\/schema\/logo\/image\/"}}]}},"_links":{"self":[{"href":"https:\/\/gudrun-dorsch.com\/de\/wp-json\/wp\/v2\/pages\/290","targetHints":{"allow":["GET"]}}],"collection":[{"href":"https:\/\/gudrun-dorsch.com\/de\/wp-json\/wp\/v2\/pages"}],"about":[{"href":"https:\/\/gudrun-dorsch.com\/de\/wp-json\/wp\/v2\/types\/page"}],"author":[{"embeddable":true,"href":"https:\/\/gudrun-dorsch.com\/de\/wp-json\/wp\/v2\/users\/1"}],"replies":[{"embeddable":true,"href":"https:\/\/gudrun-dorsch.com\/de\/wp-json\/wp\/v2\/comments?post=290"}],"version-history":[{"count":42,"href":"https:\/\/gudrun-dorsch.com\/de\/wp-json\/wp\/v2\/pages\/290\/revisions"}],"predecessor-version":[{"id":3829,"href":"https:\/\/gudrun-dorsch.com\/de\/wp-json\/wp\/v2\/pages\/290\/revisions\/3829"}],"wp:featuredmedia":[{"embeddable":true,"href":"https:\/\/gudrun-dorsch.com\/de\/wp-json\/wp\/v2\/media\/23"}],"wp:attachment":[{"href":"https:\/\/gudrun-dorsch.com\/de\/wp-json\/wp\/v2\/media?parent=290"}],"curies":[{"name":"wp","href":"https:\/\/api.w.org\/{rel}","templated":true}]}}