{"id":859,"date":"2022-08-11T22:01:36","date_gmt":"2022-08-11T20:01:36","guid":{"rendered":"https:\/\/galerie-unique.com\/?page_id=859"},"modified":"2025-09-06T12:20:22","modified_gmt":"2025-09-06T10:20:22","slug":"kontakt","status":"publish","type":"page","link":"https:\/\/gudrun-dorsch.com\/de\/kontakt\/","title":{"rendered":"Kontakt"},"content":{"rendered":"\n<div class=\"wp-block-group contact_wrapper has-white-background-color has-background\"><div class=\"wp-block-group__inner-container is-layout-flow wp-block-group-is-layout-flow\"><div class=\"wp-block-image\">\n<figure class=\"aligncenter size-full is-resized\"><img loading=\"lazy\" decoding=\"async\" width=\"500\" height=\"650\" src=\"https:\/\/galerie-unique.com\/wp-content\/uploads\/2022\/08\/Google_Logo_500.png\" alt=\"\" class=\"wp-image-1279\" style=\"width:170px;height:221px\" srcset=\"https:\/\/gudrun-dorsch.com\/wp-content\/uploads\/2022\/08\/Google_Logo_500.png 500w, https:\/\/gudrun-dorsch.com\/wp-content\/uploads\/2022\/08\/Google_Logo_500-231x300.png 231w\" sizes=\"auto, (max-width: 500px) 100vw, 500px\" \/><\/figure>\n<\/div>\n\n\n<p>Sie m\u00f6chten sich mit mir in Verbindung setzen?<br>Schreiben Sie mir bitte eine Nachricht und ich werde mich so bald wie m\u00f6glich bei Ihnen melden. Ich freue mich auf Sie! <\/p>\n\n\n\n<p>Sollten Sie innerhalb eines Werktages keine R\u00fcckmeldung auf Ihre Nachricht erhalten, bitte ich Sie, sich direkt an mich zu wenden. Die entsprechenden Kontaktdaten finden Sie im Impressum.<\/p>\n\n\n<div class=\"wpforms-container wpforms-container-full wpforms-block wpforms-block-cb1f894f-c6ce-4fe9-8cb8-cd051249b210\" id=\"wpforms-1301\"><form id=\"wpforms-form-1301\" class=\"wpforms-validate wpforms-form wpforms-ajax-form\" data-formid=\"1301\" method=\"post\" enctype=\"multipart\/form-data\" action=\"\/de\/wp-json\/wp\/v2\/pages\/859\" data-token=\"27aa76103fc44c78d81ce9c46051a4ae\" data-token-time=\"1776311353\"><noscript class=\"wpforms-error-noscript\">Bitte aktiviere JavaScript in deinem Browser, um dieses Formular fertigzustellen.<\/noscript><div class=\"wpforms-field-container\"><div id=\"wpforms-1301-field_0-container\" class=\"wpforms-field wpforms-field-name\" data-field-id=\"0\"><label class=\"wpforms-field-label\" for=\"wpforms-1301-field_0\">Name <span class=\"wpforms-required-label\">*<\/span><\/label><input type=\"text\" id=\"wpforms-1301-field_0\" class=\"wpforms-field-medium wpforms-field-required\" name=\"wpforms[fields][0]\" required><\/div><div id=\"wpforms-1301-field_1-container\" class=\"wpforms-field wpforms-field-email\" data-field-id=\"1\"><label class=\"wpforms-field-label\" for=\"wpforms-1301-field_1\">E-Mail <span class=\"wpforms-required-label\">*<\/span><\/label><input type=\"email\" id=\"wpforms-1301-field_1\" class=\"wpforms-field-medium wpforms-field-required\" name=\"wpforms[fields][1]\" spellcheck=\"false\" required><\/div><div id=\"wpforms-1301-field_3-container\" class=\"wpforms-field wpforms-field-text\" data-field-id=\"3\"><label class=\"wpforms-field-label\" for=\"wpforms-1301-field_3\">Betreff <span class=\"wpforms-required-label\">*<\/span><\/label><input type=\"text\" id=\"wpforms-1301-field_3\" class=\"wpforms-field-large wpforms-field-required wpforms-limit-characters-enabled\" data-form-id=\"1301\" data-field-id=\"3\" data-text-limit=\"255\" name=\"wpforms[fields][3]\" maxlength=\"255\" required><\/div><div id=\"wpforms-1301-field_2-container\" class=\"wpforms-field wpforms-field-textarea\" data-field-id=\"2\"><label class=\"wpforms-field-label\" for=\"wpforms-1301-field_2\">Nachricht <span class=\"wpforms-required-label\">*<\/span><\/label><textarea id=\"wpforms-1301-field_2\" class=\"wpforms-field-medium wpforms-field-required\" name=\"wpforms[fields][2]\" required><\/textarea><\/div><\/div><!-- .wpforms-field-container --><div class=\"wpforms-recaptcha-container wpforms-is-recaptcha wpforms-is-recaptcha-type-v3\" ><input type=\"hidden\" name=\"wpforms[recaptcha]\" value=\"\"><\/div><div class=\"wpforms-submit-container\" ><input type=\"hidden\" name=\"wpforms[id]\" value=\"1301\"><input type=\"hidden\" name=\"page_title\" value=\"\"><input type=\"hidden\" name=\"page_url\" value=\"https:\/\/gudrun-dorsch.com\/de\/wp-json\/wp\/v2\/pages\/859\"><input type=\"hidden\" name=\"url_referer\" value=\"\"><button type=\"submit\" name=\"wpforms[submit]\" id=\"wpforms-submit-1301\" class=\"wpforms-submit\" data-alt-text=\"Senden\u2026\" data-submit-text=\"Absenden\" aria-live=\"assertive\" value=\"wpforms-submit\">Absenden<\/button><img loading=\"lazy\" decoding=\"async\" src=\"https:\/\/gudrun-dorsch.com\/wp-content\/plugins\/wpforms-lite\/assets\/images\/submit-spin.svg\" class=\"wpforms-submit-spinner\" style=\"display: none;\" width=\"26\" height=\"26\" alt=\"Wird geladen\"><\/div><\/form><\/div>  <!-- .wpforms-container --><\/div><\/div>\n\n\n\n<div class=\"wp-block-group footer_menu has-background\" style=\"background-color:#d9d9d9\"><div class=\"wp-block-group__inner-container is-layout-flow wp-block-group-is-layout-flow\">\n<div class=\"\">\n\t\t<a href=\"https:\/\/www.facebook.com\/dorsch.gudrun\/\" target=\"_blank\" title=\"Visit Gudrun Dorsch on facebook\" rel=\"noopener\"><i class=\"fab fa-facebook-square\"><\/i> <\/a>\n\t\t\t<a href=\"https:\/\/www.instagram.com\/gudrundorschart\/\" target=\"_blank\" title=\"Have a look on Gudrun Dorsch's Instagram profile\" rel=\"noopener\"><i class=\"fab fa-instagram-square\"><\/i> <\/a>\n\t\t<a href=\"https:\/\/twitter.com\/GudrunDorsch\" target=\"_blank\" title=\"Follow Gudrun Dorsch on twitter\" rel=\"noopener\"><i class=\"fab fa-twitter-square\"><\/i> <\/a>\n\t\t<a href=\"https:\/\/www.linkedin.com\/in\/gudrun-dorsch\" target=\"_blank\" title=\"Gudrun Dorsch's linkedin profile\" rel=\"noopener\"><i class=\"fab fa-linkedin-square\"><\/i> <\/a>\n\t<\/div>\n\n\n\n<div class=\"wpml-ls-statics-shortcode_actions wpml-ls wpml-ls-legacy-list-horizontal\">\n\t<ul><li class=\"wpml-ls-slot-shortcode_actions wpml-ls-item wpml-ls-item-en wpml-ls-first-item wpml-ls-last-item wpml-ls-item-legacy-list-horizontal\">\n\t\t\t\t<a href=\"http:\/\/gudrun-dorsch.com\/en\/\" class=\"wpml-ls-link\">\n                                                        <img decoding=\"async\"\n            class=\"wpml-ls-flag\"\n            src=\"https:\/\/gudrun-dorsch.com\/wp-content\/plugins\/sitepress-multilingual-cms\/res\/flags\/en.png\"\n            alt=\"\"\n            width=18\n            height=12\n    \/><span class=\"wpml-ls-native\" lang=\"en\">English<\/span><\/a>\n\t\t\t<\/li><\/ul>\n<\/div>\n\n\n\n\n<p class=\"footer_link\"><a href=\"https:\/\/gudrun-dorsch.com\/de\/kontakt\/\">Kontakt<\/a><\/p>\n\n\n\n<p class=\"footer_link\"><a href=\"https:\/\/gudrun-dorsch.com\/de\/impressum\/\">Impressum<\/a> &amp; <a href=\"https:\/\/gudrun-dorsch.com\/de\/datenschutz\/\">Datenschutz<\/a><\/p>\n<\/div><\/div>\n","protected":false},"excerpt":{"rendered":"<p>Sie m\u00f6chten sich mit mir in Verbindung setzen?Schreiben Sie mir bitte eine Nachricht und ich werde mich so bald wie m\u00f6glich bei Ihnen melden. Ich freue mich auf Sie! Sollten Sie innerhalb eines Werktages keine R\u00fcckmeldung auf Ihre Nachricht erhalten, bitte ich Sie, sich direkt an mich zu wenden. Die entsprechenden Kontaktdaten finden Sie im [&hellip;]<\/p>\n","protected":false},"author":1,"featured_media":0,"parent":0,"menu_order":0,"comment_status":"closed","ping_status":"closed","template":"","meta":{"_monsterinsights_skip_tracking":false,"_monsterinsights_sitenote_active":false,"_monsterinsights_sitenote_note":"","_monsterinsights_sitenote_category":0,"footnotes":""},"class_list":["post-859","page","type-page","status-publish","hentry","post"],"yoast_head":"<!-- This site is optimized with the Yoast SEO plugin v27.4 - https:\/\/yoast.com\/product\/yoast-seo-wordpress\/ -->\n<title>Kontakt - Gudrun Dorsch<\/title>\n<meta name=\"robots\" content=\"index, follow, max-snippet:-1, max-image-preview:large, max-video-preview:-1\" \/>\n<link rel=\"canonical\" href=\"https:\/\/gudrun-dorsch.com\/de\/kontakt\/\" \/>\n<meta property=\"og:locale\" content=\"de_DE\" \/>\n<meta property=\"og:type\" content=\"article\" \/>\n<meta property=\"og:title\" content=\"Kontakt - Gudrun Dorsch\" \/>\n<meta property=\"og:description\" content=\"Sie m\u00f6chten sich mit mir in Verbindung setzen?Schreiben Sie mir bitte eine Nachricht und ich werde mich so bald wie m\u00f6glich bei Ihnen melden. Ich freue mich auf Sie! Sollten Sie innerhalb eines Werktages keine R\u00fcckmeldung auf Ihre Nachricht erhalten, bitte ich Sie, sich direkt an mich zu wenden. Die entsprechenden Kontaktdaten finden Sie im [&hellip;]\" \/>\n<meta property=\"og:url\" content=\"https:\/\/gudrun-dorsch.com\/de\/kontakt\/\" \/>\n<meta property=\"og:site_name\" content=\"Gudrun Dorsch\" \/>\n<meta property=\"article:modified_time\" content=\"2025-09-06T10:20:22+00:00\" \/>\n<meta property=\"og:image\" content=\"https:\/\/gudrun-dorsch.com\/wp-content\/uploads\/2022\/08\/Google_Logo_500.png\" \/>\n\t<meta property=\"og:image:width\" content=\"500\" \/>\n\t<meta property=\"og:image:height\" content=\"650\" \/>\n\t<meta property=\"og:image:type\" content=\"image\/png\" \/>\n<meta name=\"twitter:card\" content=\"summary_large_image\" \/>\n<meta name=\"twitter:label1\" content=\"Gesch\u00e4tzte Lesezeit\" \/>\n\t<meta name=\"twitter:data1\" content=\"1\u00a0Minute\" \/>\n<script type=\"application\/ld+json\" class=\"yoast-schema-graph\">{\"@context\":\"https:\\\/\\\/schema.org\",\"@graph\":[{\"@type\":\"WebPage\",\"@id\":\"https:\\\/\\\/gudrun-dorsch.com\\\/de\\\/kontakt\\\/\",\"url\":\"https:\\\/\\\/gudrun-dorsch.com\\\/de\\\/kontakt\\\/\",\"name\":\"Kontakt - Gudrun Dorsch\",\"isPartOf\":{\"@id\":\"https:\\\/\\\/gudrun-dorsch.com\\\/de\\\/#website\"},\"primaryImageOfPage\":{\"@id\":\"https:\\\/\\\/gudrun-dorsch.com\\\/de\\\/kontakt\\\/#primaryimage\"},\"image\":{\"@id\":\"https:\\\/\\\/gudrun-dorsch.com\\\/de\\\/kontakt\\\/#primaryimage\"},\"thumbnailUrl\":\"https:\\\/\\\/galerie-unique.com\\\/wp-content\\\/uploads\\\/2022\\\/08\\\/Google_Logo_500.png\",\"datePublished\":\"2022-08-11T20:01:36+00:00\",\"dateModified\":\"2025-09-06T10:20:22+00:00\",\"breadcrumb\":{\"@id\":\"https:\\\/\\\/gudrun-dorsch.com\\\/de\\\/kontakt\\\/#breadcrumb\"},\"inLanguage\":\"de\",\"potentialAction\":[{\"@type\":\"ReadAction\",\"target\":[\"https:\\\/\\\/gudrun-dorsch.com\\\/de\\\/kontakt\\\/\"]}]},{\"@type\":\"ImageObject\",\"inLanguage\":\"de\",\"@id\":\"https:\\\/\\\/gudrun-dorsch.com\\\/de\\\/kontakt\\\/#primaryimage\",\"url\":\"https:\\\/\\\/galerie-unique.com\\\/wp-content\\\/uploads\\\/2022\\\/08\\\/Google_Logo_500.png\",\"contentUrl\":\"https:\\\/\\\/galerie-unique.com\\\/wp-content\\\/uploads\\\/2022\\\/08\\\/Google_Logo_500.png\"},{\"@type\":\"BreadcrumbList\",\"@id\":\"https:\\\/\\\/gudrun-dorsch.com\\\/de\\\/kontakt\\\/#breadcrumb\",\"itemListElement\":[{\"@type\":\"ListItem\",\"position\":1,\"name\":\"Startseite\",\"item\":\"https:\\\/\\\/gudrun-dorsch.com\\\/de\\\/\"},{\"@type\":\"ListItem\",\"position\":2,\"name\":\"Kontakt\"}]},{\"@type\":\"WebSite\",\"@id\":\"https:\\\/\\\/gudrun-dorsch.com\\\/de\\\/#website\",\"url\":\"https:\\\/\\\/gudrun-dorsch.com\\\/de\\\/\",\"name\":\"Gudrun Dorsch\",\"description\":\"Enigmatic Realism\",\"publisher\":{\"@id\":\"https:\\\/\\\/gudrun-dorsch.com\\\/de\\\/#organization\"},\"potentialAction\":[{\"@type\":\"SearchAction\",\"target\":{\"@type\":\"EntryPoint\",\"urlTemplate\":\"https:\\\/\\\/gudrun-dorsch.com\\\/de\\\/?s={search_term_string}\"},\"query-input\":{\"@type\":\"PropertyValueSpecification\",\"valueRequired\":true,\"valueName\":\"search_term_string\"}}],\"inLanguage\":\"de\"},{\"@type\":\"Organization\",\"@id\":\"https:\\\/\\\/gudrun-dorsch.com\\\/de\\\/#organization\",\"name\":\"Gudrun Dorsch\",\"url\":\"https:\\\/\\\/gudrun-dorsch.com\\\/de\\\/\",\"logo\":{\"@type\":\"ImageObject\",\"inLanguage\":\"de\",\"@id\":\"https:\\\/\\\/gudrun-dorsch.com\\\/de\\\/#\\\/schema\\\/logo\\\/image\\\/\",\"url\":\"https:\\\/\\\/gudrun-dorsch.com\\\/wp-content\\\/uploads\\\/2022\\\/03\\\/cropped-Logo.png\",\"contentUrl\":\"https:\\\/\\\/gudrun-dorsch.com\\\/wp-content\\\/uploads\\\/2022\\\/03\\\/cropped-Logo.png\",\"width\":2042,\"height\":1663,\"caption\":\"Gudrun Dorsch\"},\"image\":{\"@id\":\"https:\\\/\\\/gudrun-dorsch.com\\\/de\\\/#\\\/schema\\\/logo\\\/image\\\/\"}}]}<\/script>\n<!-- \/ Yoast SEO plugin. -->","yoast_head_json":{"title":"Kontakt - Gudrun Dorsch","robots":{"index":"index","follow":"follow","max-snippet":"max-snippet:-1","max-image-preview":"max-image-preview:large","max-video-preview":"max-video-preview:-1"},"canonical":"https:\/\/gudrun-dorsch.com\/de\/kontakt\/","og_locale":"de_DE","og_type":"article","og_title":"Kontakt - Gudrun Dorsch","og_description":"Sie m\u00f6chten sich mit mir in Verbindung setzen?Schreiben Sie mir bitte eine Nachricht und ich werde mich so bald wie m\u00f6glich bei Ihnen melden. Ich freue mich auf Sie! Sollten Sie innerhalb eines Werktages keine R\u00fcckmeldung auf Ihre Nachricht erhalten, bitte ich Sie, sich direkt an mich zu wenden. Die entsprechenden Kontaktdaten finden Sie im [&hellip;]","og_url":"https:\/\/gudrun-dorsch.com\/de\/kontakt\/","og_site_name":"Gudrun Dorsch","article_modified_time":"2025-09-06T10:20:22+00:00","og_image":[{"width":500,"height":650,"url":"https:\/\/gudrun-dorsch.com\/wp-content\/uploads\/2022\/08\/Google_Logo_500.png","type":"image\/png"}],"twitter_card":"summary_large_image","twitter_misc":{"Gesch\u00e4tzte Lesezeit":"1\u00a0Minute"},"schema":{"@context":"https:\/\/schema.org","@graph":[{"@type":"WebPage","@id":"https:\/\/gudrun-dorsch.com\/de\/kontakt\/","url":"https:\/\/gudrun-dorsch.com\/de\/kontakt\/","name":"Kontakt - Gudrun Dorsch","isPartOf":{"@id":"https:\/\/gudrun-dorsch.com\/de\/#website"},"primaryImageOfPage":{"@id":"https:\/\/gudrun-dorsch.com\/de\/kontakt\/#primaryimage"},"image":{"@id":"https:\/\/gudrun-dorsch.com\/de\/kontakt\/#primaryimage"},"thumbnailUrl":"https:\/\/galerie-unique.com\/wp-content\/uploads\/2022\/08\/Google_Logo_500.png","datePublished":"2022-08-11T20:01:36+00:00","dateModified":"2025-09-06T10:20:22+00:00","breadcrumb":{"@id":"https:\/\/gudrun-dorsch.com\/de\/kontakt\/#breadcrumb"},"inLanguage":"de","potentialAction":[{"@type":"ReadAction","target":["https:\/\/gudrun-dorsch.com\/de\/kontakt\/"]}]},{"@type":"ImageObject","inLanguage":"de","@id":"https:\/\/gudrun-dorsch.com\/de\/kontakt\/#primaryimage","url":"https:\/\/galerie-unique.com\/wp-content\/uploads\/2022\/08\/Google_Logo_500.png","contentUrl":"https:\/\/galerie-unique.com\/wp-content\/uploads\/2022\/08\/Google_Logo_500.png"},{"@type":"BreadcrumbList","@id":"https:\/\/gudrun-dorsch.com\/de\/kontakt\/#breadcrumb","itemListElement":[{"@type":"ListItem","position":1,"name":"Startseite","item":"https:\/\/gudrun-dorsch.com\/de\/"},{"@type":"ListItem","position":2,"name":"Kontakt"}]},{"@type":"WebSite","@id":"https:\/\/gudrun-dorsch.com\/de\/#website","url":"https:\/\/gudrun-dorsch.com\/de\/","name":"Gudrun Dorsch","description":"Enigmatic Realism","publisher":{"@id":"https:\/\/gudrun-dorsch.com\/de\/#organization"},"potentialAction":[{"@type":"SearchAction","target":{"@type":"EntryPoint","urlTemplate":"https:\/\/gudrun-dorsch.com\/de\/?s={search_term_string}"},"query-input":{"@type":"PropertyValueSpecification","valueRequired":true,"valueName":"search_term_string"}}],"inLanguage":"de"},{"@type":"Organization","@id":"https:\/\/gudrun-dorsch.com\/de\/#organization","name":"Gudrun Dorsch","url":"https:\/\/gudrun-dorsch.com\/de\/","logo":{"@type":"ImageObject","inLanguage":"de","@id":"https:\/\/gudrun-dorsch.com\/de\/#\/schema\/logo\/image\/","url":"https:\/\/gudrun-dorsch.com\/wp-content\/uploads\/2022\/03\/cropped-Logo.png","contentUrl":"https:\/\/gudrun-dorsch.com\/wp-content\/uploads\/2022\/03\/cropped-Logo.png","width":2042,"height":1663,"caption":"Gudrun Dorsch"},"image":{"@id":"https:\/\/gudrun-dorsch.com\/de\/#\/schema\/logo\/image\/"}}]}},"_links":{"self":[{"href":"https:\/\/gudrun-dorsch.com\/de\/wp-json\/wp\/v2\/pages\/859","targetHints":{"allow":["GET"]}}],"collection":[{"href":"https:\/\/gudrun-dorsch.com\/de\/wp-json\/wp\/v2\/pages"}],"about":[{"href":"https:\/\/gudrun-dorsch.com\/de\/wp-json\/wp\/v2\/types\/page"}],"author":[{"embeddable":true,"href":"https:\/\/gudrun-dorsch.com\/de\/wp-json\/wp\/v2\/users\/1"}],"replies":[{"embeddable":true,"href":"https:\/\/gudrun-dorsch.com\/de\/wp-json\/wp\/v2\/comments?post=859"}],"version-history":[{"count":10,"href":"https:\/\/gudrun-dorsch.com\/de\/wp-json\/wp\/v2\/pages\/859\/revisions"}],"predecessor-version":[{"id":3542,"href":"https:\/\/gudrun-dorsch.com\/de\/wp-json\/wp\/v2\/pages\/859\/revisions\/3542"}],"wp:attachment":[{"href":"https:\/\/gudrun-dorsch.com\/de\/wp-json\/wp\/v2\/media?parent=859"}],"curies":[{"name":"wp","href":"https:\/\/api.w.org\/{rel}","templated":true}]}}